{"id":2554,"date":"2013-09-09T14:17:49","date_gmt":"2013-09-09T17:17:49","guid":{"rendered":"http:\/\/blog.futbox.com\/?page_id=2554"},"modified":"2024-09-12T15:59:47","modified_gmt":"2024-09-12T18:59:47","slug":"quem-somos","status":"publish","type":"page","link":"https:\/\/www.futbox.com\/blog\/quem-somos","title":{"rendered":"Quem Somos"},"content":{"rendered":"<p>&nbsp;<\/p>\n<p>O <strong>Blog do Futbox<\/strong>\u00a0\u00e9 um dos canais do <strong>Portal\u00a0Futbox &#8211; Centro de Pesquisa Gr\u00e1fica sobre Futebol<\/strong>.<\/p>\n<p>O Blog \u00e9 um espa\u00e7o para o debate envolvendo todos que admiram a hist\u00f3ria do futebol e o design gr\u00e1fico presente nesse universo fabuloso.<\/p>\n<p>Aqui os f\u00e3s do futebol, formadores de opini\u00e3o, profissionais e usu\u00e1rios dos canais Futbox expressam seus pontos de vista e levam informa\u00e7\u00f5es aos leitores sobre tudo o que acontece no mundo do futebol.<\/p>\n<p>Para saber como participar, clique <a title=\"seja um blogueiro Futbox\" href=\"http:\/\/blog.futbox.com\/seja-um-blogueiro\" target=\"_blank\" rel=\"noopener\">AQUI<\/a>.<\/p>\n<p>&nbsp;<\/p>\n<h3>Apresenta\u00e7\u00e3o<\/h3>\n<p>&nbsp;<\/p>\n<p>O <strong>Portal Futbox<\/strong> \u00e9 o maior acervo ilustrado do mundo sobre futebol.<\/p>\n<p>S\u00e3o mais de 30 anos pesquisando a simbologia e as conquistas dos principais clubes dos cinco continentes, todas as sele\u00e7\u00f5es que participaram das Copas do Mundo, desde 1930, os campeonatos de futebol, atuais e extintos, que marcaram \u00e9poca no Brasil e no mundo.<\/p>\n<p>Voc\u00ea pode conhecer toda essa hist\u00f3ria, acompanhar o seu clube do cora\u00e7\u00e3o e colaborar com as pesquisas e o desenvolvimento do acervo acessando os <strong>Canais Futbox<\/strong>, al\u00e9m de compartilhar todo esse conte\u00fado onde quiser e com quem desejar:<\/p>\n<p>&nbsp;<\/p>\n<p>Portal: <a title=\"Portal\" href=\"http:\/\/www.futbox.com\" target=\"_blank\" rel=\"noopener\">Futbox.com<\/a><br \/>\nBlog: <a href=\"https:\/\/www.futbox.com\/blog\/\" target=\"_blank\" rel=\"noopener\">Futbox.com\/blog<\/a><a title=\"fan page do Futbox\" href=\"https:\/\/www.facebook.com\/FUTBOX\" target=\"_blank\" rel=\"noopener\"><br \/>\n<\/a>Instagram:\u00a0<a title=\"instagram Futbox\" href=\"https:\/\/www.instagram.com\/futbox.oficial\/\" target=\"_blank\" rel=\"noopener\">https:\/\/www.instagram.com\/futbox.oficial<br \/>\n<\/a>Fan page:\u00a0<a title=\"facebook.com\/FUTBOX\" href=\"https:\/\/www.facebook.com\/FUTBOX\/\" target=\"_blank\" rel=\"noopener\">facebook.com\/FUTBOX<\/a><br \/>\nBluesky: <a href=\"https:\/\/bsky.app\/profile\/futbox.bsky.social\" target=\"_blank\" rel=\"noopener\">FUTBOX.bsky.social<\/a><br \/>\nTwitter: <a title=\"@Futbox\" href=\"https:\/\/twitter.com\/FUTBOX\" target=\"_blank\" rel=\"noopener\">@FUTBOX<\/a><br \/>\nPinterest: <a title=\"pinterest Futbox\" href=\"https:\/\/br.pinterest.com\/futbox\/\" target=\"_blank\" rel=\"noopener\">pinterest.com\/FUTBOX<\/a><br \/>\nLinkedin: <a title=\"Linkedin do Futbox\" href=\"http:\/\/www.linkedin.com\/company\/futbox\" target=\"_blank\" rel=\"noopener\">Linkedin.com\/company\/futbox<\/a><br \/>\nVimeo: <a title=\"Vimeo do Futbox\" href=\"https:\/\/vimeo.com\/channels\/futbox\" target=\"_blank\" rel=\"noopener\">Vimeo.com\/channels\/futbox<\/a><br \/>\nYoutube: <a title=\"youtube do Futbox\" href=\"https:\/\/www.youtube.com\/user\/Futboxmovies\" target=\"_blank\" rel=\"noopener\">youtube.com\/user\/Futboxmovies<\/a><\/p>\n<p>&nbsp;<\/p>\n<p>O <strong>Futbox.com<\/strong> \u00e9 uma experi\u00eancia in\u00e9dita para quem gosta de futebol, hist\u00f3ria e design e uma oportunidade para novos neg\u00f3cios no Brasil e no mundo.<\/p>\n","protected":false},"excerpt":{"rendered":"<p>&nbsp; O Blog do Futbox\u00a0\u00e9 um dos canais do Portal\u00a0Futbox &#8211; Centro de Pesquisa Gr\u00e1fica sobre Futebol. O Blog \u00e9 um espa\u00e7o para o debate envolvendo todos que admiram a hist\u00f3ria do futebol e o design gr\u00e1fico presente nesse universo fabuloso. Aqui os f\u00e3s do futebol, formadores de opini\u00e3o, profissionais e usu\u00e1rios dos canais Futbox [&hellip;]<\/p>\n","protected":false},"author":11,"featured_media":5567,"parent":0,"menu_order":1,"comment_status":"closed","ping_status":"open","template":"","meta":{"footnotes":""},"class_list":["post-2554","page","type-page","status-publish","has-post-thumbnail","hentry"],"_links":{"self":[{"href":"https:\/\/www.futbox.com\/blog\/wp-json\/wp\/v2\/pages\/2554","targetHints":{"allow":["GET"]}}],"collection":[{"href":"https:\/\/www.futbox.com\/blog\/wp-json\/wp\/v2\/pages"}],"about":[{"href":"https:\/\/www.futbox.com\/blog\/wp-json\/wp\/v2\/types\/page"}],"author":[{"embeddable":true,"href":"https:\/\/www.futbox.com\/blog\/wp-json\/wp\/v2\/users\/11"}],"replies":[{"embeddable":true,"href":"https:\/\/www.futbox.com\/blog\/wp-json\/wp\/v2\/comments?post=2554"}],"version-history":[{"count":33,"href":"https:\/\/www.futbox.com\/blog\/wp-json\/wp\/v2\/pages\/2554\/revisions"}],"predecessor-version":[{"id":12483,"href":"https:\/\/www.futbox.com\/blog\/wp-json\/wp\/v2\/pages\/2554\/revisions\/12483"}],"wp:featuredmedia":[{"embeddable":true,"href":"https:\/\/www.futbox.com\/blog\/wp-json\/wp\/v2\/media\/5567"}],"wp:attachment":[{"href":"https:\/\/www.futbox.com\/blog\/wp-json\/wp\/v2\/media?parent=2554"}],"curies":[{"name":"wp","href":"https:\/\/api.w.org\/{rel}","templated":true}]}}