{"id":2556,"date":"2013-09-09T14:18:54","date_gmt":"2013-09-09T17:18:54","guid":{"rendered":"http:\/\/blog.futbox.com\/?page_id=2556"},"modified":"2024-03-14T18:51:00","modified_gmt":"2024-03-14T21:51:00","slug":"linha-editorial","status":"publish","type":"page","link":"https:\/\/www.futbox.com\/blog\/linha-editorial","title":{"rendered":"Linha Editorial"},"content":{"rendered":"<p>&nbsp;<\/p>\n<p>Linha Editorial \u00e9 a pol\u00edtica do ve\u00edculo de comunica\u00e7\u00e3o, marketing, etc, que norteia as pautas e textos que ser\u00e3o publicados. Indica os valores, miss\u00e3o e propostas da marca, empresa ou produto.<\/p>\n<p>&nbsp;<\/p>\n<h3>Blog do Futbox<\/h3>\n<p>&nbsp;<\/p>\n<p>\u2022 Contribuir com um olhar diferenciado, profundo, por vezes humorado, sobre futebol, design, hist\u00f3ria, branding, comportamento, tecnologia e inova\u00e7\u00e3o.<\/p>\n<p>\u2022 Divulgar a hist\u00f3ria do futebol, no Brasil e no mundo, propondo an\u00e1lises dos fatos mais importantes e inusitados que envolvem o esporte, cultura e sociedade.<\/p>\n<p>\u2022 Despertar o interesse dos mais variados p\u00fablicos sobre o universo do futebol: origens, curiosidades, resgates, pol\u00eamicas, propostas e solu\u00e7\u00f5es.<\/p>\n<p>\u2022 Ser um canal de interatividade para os usu\u00e1rios da <strong>Marca<\/strong> e dos <strong>Canais Futbox<\/strong> e ainda, estreitar os la\u00e7os com os formadores de opini\u00e3o.<\/p>\n<p>&nbsp;<\/p>\n<h3>Colabora\u00e7\u00e3o<\/h3>\n<p>&nbsp;<\/p>\n<p>Abaixo de cada post existe a assinatura que identifica o autor do artigo ou mat\u00e9ria e sua biografia (como o pr\u00f3prio se descreve), deixando de forma clara se esse \u00e9 um profissional das \u00e1reas de atua\u00e7\u00e3o do Blog ou um apaixonado por futebol, por exemplo.<\/p>\n<p>Todos os textos passam pela avalia\u00e7\u00e3o da equipe do <strong>Blog do Futbox<\/strong>\u00a0para assegurar que os posts n\u00e3o tenham ofensas pessoais, informa\u00e7\u00f5es inveross\u00edmeis ou tendenciosas.\u00a0Os textos podem ser editados ainda por diferentes raz\u00f5es, como tamanho do conte\u00fado e ortografia, mas devem ter a aprova\u00e7\u00e3o final do autor sempre.<\/p>\n<p>&nbsp;<\/p>\n<h3>Pautas<\/h3>\n<p>&nbsp;<\/p>\n<p>Os assuntos s\u00e3o ilimitados, mas o tema &#8220;<strong>futebol<\/strong>&#8221; \u00e9 o principal, podendo ou n\u00e3o estar relacionado com os demais assuntos apresentados aqui.<\/p>\n<p>Os textos enviados pelos colaboradores devem ter entre 700 e 3.000 caracteres (contando espa\u00e7os). Os colaboradores ainda podem enviar ilustra\u00e7\u00f5es e fotos para enriquecerem suas pautas\/textos. Esse material tamb\u00e9m ser\u00e1 avaliado pela equipe do <strong>Blog do Futbox<\/strong>, seguindo os mesmos crit\u00e9rios discriminados anteriormente.<\/p>\n<p>Os textos podem ter car\u00e1ter informativo ou opinativo. No entanto,\u00a0 n\u00e3o ser\u00e3o publicados quaisquer ofensa a clubes, marcas, torcedores, etc. Os coment\u00e1rios dos posts tamb\u00e9m podem ser moderados pela equipe do Blog.<\/p>\n<p>\u00c9 v\u00e1lido esclarecer que as opini\u00f5es dos autores n\u00e3o expressam necessariamente a opini\u00e3o do <strong>Blog do Futbox<\/strong> ou mesmo, do <strong>Portal\u00a0Futbox<\/strong> e\/ou seus canais respectivos.<\/p>\n<p>O <strong>Blog do Futbox<\/strong> veste a camisa do futebol e \u00e9 um espa\u00e7o saud\u00e1vel e rico de conhecimento para debates em alto n\u00edvel sobre o que acontece, dentro e fora das quatro linhas, envolvendo o esporte mais popular do mundo.<\/p>\n","protected":false},"excerpt":{"rendered":"<p>&nbsp; Linha Editorial \u00e9 a pol\u00edtica do ve\u00edculo de comunica\u00e7\u00e3o, marketing, etc, que norteia as pautas e textos que ser\u00e3o publicados. Indica os valores, miss\u00e3o e propostas da marca, empresa ou produto. &nbsp; Blog do Futbox &nbsp; \u2022 Contribuir com um olhar diferenciado, profundo, por vezes humorado, sobre futebol, design, hist\u00f3ria, branding, comportamento, tecnologia e [&hellip;]<\/p>\n","protected":false},"author":11,"featured_media":5570,"parent":0,"menu_order":2,"comment_status":"closed","ping_status":"open","template":"","meta":{"footnotes":""},"class_list":["post-2556","page","type-page","status-publish","has-post-thumbnail","hentry"],"_links":{"self":[{"href":"https:\/\/www.futbox.com\/blog\/wp-json\/wp\/v2\/pages\/2556","targetHints":{"allow":["GET"]}}],"collection":[{"href":"https:\/\/www.futbox.com\/blog\/wp-json\/wp\/v2\/pages"}],"about":[{"href":"https:\/\/www.futbox.com\/blog\/wp-json\/wp\/v2\/types\/page"}],"author":[{"embeddable":true,"href":"https:\/\/www.futbox.com\/blog\/wp-json\/wp\/v2\/users\/11"}],"replies":[{"embeddable":true,"href":"https:\/\/www.futbox.com\/blog\/wp-json\/wp\/v2\/comments?post=2556"}],"version-history":[{"count":26,"href":"https:\/\/www.futbox.com\/blog\/wp-json\/wp\/v2\/pages\/2556\/revisions"}],"predecessor-version":[{"id":11962,"href":"https:\/\/www.futbox.com\/blog\/wp-json\/wp\/v2\/pages\/2556\/revisions\/11962"}],"wp:featuredmedia":[{"embeddable":true,"href":"https:\/\/www.futbox.com\/blog\/wp-json\/wp\/v2\/media\/5570"}],"wp:attachment":[{"href":"https:\/\/www.futbox.com\/blog\/wp-json\/wp\/v2\/media?parent=2556"}],"curies":[{"name":"wp","href":"https:\/\/api.w.org\/{rel}","templated":true}]}}