{"id":2566,"date":"2013-09-09T14:50:25","date_gmt":"2013-09-09T17:50:25","guid":{"rendered":"http:\/\/blog.futbox.com\/?page_id=2566"},"modified":"2024-03-14T18:50:33","modified_gmt":"2024-03-14T21:50:33","slug":"seja-um-blogueiro","status":"publish","type":"page","link":"https:\/\/www.futbox.com\/blog\/seja-um-blogueiro","title":{"rendered":"Seja um Blogueiro"},"content":{"rendered":"<p>&nbsp;<\/p>\n<p>Fa\u00e7a parte da equipe de blogueiros do <strong>Futbox<\/strong>! Para escrever para o nosso Blog \u00e9 muito simples: basta preencher e enviar o formul\u00e1rio abaixo.<\/p>\n<p>Voc\u00ea pode participar com textos sobre assuntos da semana, hist\u00f3ria, curiosidades ou mesmo cr\u00f4nicas sobre futebol, craques e \u00eddolos, seu clube do cora\u00e7\u00e3o, aproveitar tamb\u00e9m um texto antigo (publicado ou n\u00e3o em outros ve\u00edculos) ou produzir um novo artigo em nosso Blog. Seja criativo.<\/p>\n<p>Para mais detalhes, veja a <a title=\"Linha Editorial\" href=\"http:\/\/blog.futbox.com\/linha-editorial\" target=\"_blank\" rel=\"noopener\">Linha Editorial<\/a> do <strong>Blog do Futbox<\/strong>.<\/p>\n<p>&nbsp;<\/p>\n<div role=\"form\" class=\"wpcf7\" id=\"wpcf7-f2563-o1\" lang=\"pt-BR\" dir=\"ltr\">\n<div class=\"screen-reader-response\"><\/div>\n<form action=\"\/blog\/wp-json\/wp\/v2\/pages\/2566#wpcf7-f2563-o1\" method=\"post\" class=\"wpcf7-form\" enctype=\"multipart\/form-data\" novalidate=\"novalidate\">\n<div style=\"display: none;\">\n<input type=\"hidden\" name=\"_wpcf7\" value=\"2563\" \/>\n<input type=\"hidden\" name=\"_wpcf7_version\" value=\"5.1.6\" \/>\n<input type=\"hidden\" name=\"_wpcf7_locale\" value=\"pt_BR\" \/>\n<input type=\"hidden\" name=\"_wpcf7_unit_tag\" value=\"wpcf7-f2563-o1\" \/>\n<input type=\"hidden\" name=\"_wpcf7_container_post\" value=\"0\" \/>\n<\/div>\n<h2>Formul\u00e1rio de envio<\/h2>\n<p>Seu nome (obrigat\u00f3rio)<br \/>\n    <span class=\"wpcf7-form-control-wrap nome\"><input type=\"text\" name=\"nome\" value=\"\" size=\"40\" class=\"wpcf7-form-control wpcf7-text wpcf7-validates-as-required\" id=\"fnome\" aria-required=\"true\" aria-invalid=\"false\" \/><\/span> <\/p>\n<p>Seu sobrenome (obrigat\u00f3rio)<br \/>\n    <span class=\"wpcf7-form-control-wrap sobrenome\"><input type=\"text\" name=\"sobrenome\" value=\"\" size=\"40\" class=\"wpcf7-form-control wpcf7-text wpcf7-validates-as-required\" id=\"fsobrenome\" aria-required=\"true\" aria-invalid=\"false\" \/><\/span> <\/p>\n<p>Telefone de contato<br \/>\n    <span class=\"wpcf7-form-control-wrap telcontato\"><input type=\"text\" name=\"telcontato\" value=\"\" size=\"40\" class=\"wpcf7-form-control wpcf7-text\" id=\"ftel\" aria-invalid=\"false\" \/><\/span> <\/p>\n<p>Seu e-mail (obrigat\u00f3rio)<br \/>\n    <span class=\"wpcf7-form-control-wrap email\"><input type=\"email\" name=\"email\" value=\"\" size=\"40\" class=\"wpcf7-form-control wpcf7-text wpcf7-email wpcf7-validates-as-required wpcf7-validates-as-email\" id=\"fmail\" aria-required=\"true\" aria-invalid=\"false\" \/><\/span> <\/p>\n<p>Breve descri\u00e7\u00e3o sobre o autor. Como voc\u00ea se descreve em 180 caracteres? (obrigat\u00f3rio)<br \/>\n    <span class=\"wpcf7-form-control-wrap about\"><textarea name=\"about\" cols=\"40\" rows=\"10\" class=\"wpcf7-form-control wpcf7-textarea wpcf7-validates-as-required\" id=\"fabout\" aria-required=\"true\" aria-invalid=\"false\"><\/textarea><\/span> <\/p>\n<p>T\u00edtulo do Texto<br \/>\n    <span class=\"wpcf7-form-control-wrap titpost\"><input type=\"text\" name=\"titpost\" value=\"\" size=\"40\" class=\"wpcf7-form-control wpcf7-text wpcf7-validates-as-required\" id=\"ftit\" aria-required=\"true\" aria-invalid=\"false\" \/><\/span> <\/p>\n<p>Texto entre 700 e 3.000 caracteres, contando espa\u00e7os (obrigat\u00f3rio)<br \/>\n    <span class=\"wpcf7-form-control-wrap postcont\"><textarea name=\"postcont\" cols=\"40\" rows=\"10\" class=\"wpcf7-form-control wpcf7-textarea wpcf7-validates-as-required\" id=\"fcont\" aria-required=\"true\" aria-invalid=\"false\"><\/textarea><\/span> <\/p>\n<p><strong>Anexos<\/strong><br>Voc\u00ea pode enviar arquivos dos tipos gif, png, jpg, jpeg, txt, doc, docx, cdr, ai, pdf ou psd<br><br \/>\n<span class=\"wpcf7-form-control-wrap file1\"><input type=\"file\" name=\"file1\" size=\"40\" class=\"wpcf7-form-control wpcf7-file\" accept=\".gif,.png,.jpg,.jpeg,.txt,.doc,.docx,.cdr,.ai,.pdf,.psd\" aria-invalid=\"false\" \/><\/span><br \/>\n<span class=\"wpcf7-form-control-wrap file2\"><input type=\"file\" name=\"file2\" size=\"40\" class=\"wpcf7-form-control wpcf7-file\" accept=\".gif,.png,.jpg,.jpeg,.txt,.doc,.docx,.cdr,.ai,.pdf,.psd\" aria-invalid=\"false\" \/><\/span><br \/>\n<span class=\"wpcf7-form-control-wrap file3\"><input type=\"file\" name=\"file3\" size=\"40\" class=\"wpcf7-form-control wpcf7-file\" accept=\".gif,.png,.jpg,.jpeg,.txt,.doc,.docx,.cdr,.ai,.pdf,.psd\" aria-invalid=\"false\" \/><\/span><br \/>\n<span class=\"wpcf7-form-control-wrap file4\"><input type=\"file\" name=\"file4\" size=\"40\" class=\"wpcf7-form-control wpcf7-file\" accept=\".gif,.png,.jpg,.jpeg,.txt,.doc,.docx,.cdr,.ai,.pdf,.psd\" aria-invalid=\"false\" \/><\/span><br \/>\n<span class=\"wpcf7-form-control-wrap file5\"><input type=\"file\" name=\"file5\" size=\"40\" class=\"wpcf7-form-control wpcf7-file\" accept=\".gif,.png,.jpg,.jpeg,.txt,.doc,.docx,.cdr,.ai,.pdf,.psd\" aria-invalid=\"false\" \/><\/span>\n<\/p>\n<p>&nbsp;<br><span class=\"wpcf7-form-control-wrap checkbox-417\"><span class=\"wpcf7-form-control wpcf7-checkbox wpcf7-validates-as-required wpcf7-exclusive-checkbox\"><span class=\"wpcf7-list-item first last\"><input type=\"checkbox\" name=\"checkbox-417\" value=\"\" \/><span class=\"wpcf7-list-item-label\"><\/span><\/span><\/span><\/span> Li, entendi e aceito os <a href='http:\/\/blog.futbox.com\/seja-um-blogueiro\/termo-de-responsabilidade' target='_blank'>termos e condi\u00e7\u00f5es<\/a>.<br>&nbsp;<\/p>\n<p><input type=\"submit\" value=\"Enviar\" class=\"wpcf7-form-control wpcf7-submit\" \/><\/p>\n<div class=\"wpcf7-response-output wpcf7-display-none\"><\/div><\/form><\/div>\n","protected":false},"excerpt":{"rendered":"<p>&nbsp; Fa\u00e7a parte da equipe de blogueiros do Futbox! Para escrever para o nosso Blog \u00e9 muito simples: basta preencher e enviar o formul\u00e1rio abaixo. Voc\u00ea pode participar com textos sobre assuntos da semana, hist\u00f3ria, curiosidades ou mesmo cr\u00f4nicas sobre futebol, craques e \u00eddolos, seu clube do cora\u00e7\u00e3o, aproveitar tamb\u00e9m um texto antigo (publicado ou [&hellip;]<\/p>\n","protected":false},"author":11,"featured_media":5571,"parent":0,"menu_order":3,"comment_status":"closed","ping_status":"open","template":"","meta":{"footnotes":""},"class_list":["post-2566","page","type-page","status-publish","has-post-thumbnail","hentry"],"_links":{"self":[{"href":"https:\/\/www.futbox.com\/blog\/wp-json\/wp\/v2\/pages\/2566","targetHints":{"allow":["GET"]}}],"collection":[{"href":"https:\/\/www.futbox.com\/blog\/wp-json\/wp\/v2\/pages"}],"about":[{"href":"https:\/\/www.futbox.com\/blog\/wp-json\/wp\/v2\/types\/page"}],"author":[{"embeddable":true,"href":"https:\/\/www.futbox.com\/blog\/wp-json\/wp\/v2\/users\/11"}],"replies":[{"embeddable":true,"href":"https:\/\/www.futbox.com\/blog\/wp-json\/wp\/v2\/comments?post=2566"}],"version-history":[{"count":22,"href":"https:\/\/www.futbox.com\/blog\/wp-json\/wp\/v2\/pages\/2566\/revisions"}],"predecessor-version":[{"id":11961,"href":"https:\/\/www.futbox.com\/blog\/wp-json\/wp\/v2\/pages\/2566\/revisions\/11961"}],"wp:featuredmedia":[{"embeddable":true,"href":"https:\/\/www.futbox.com\/blog\/wp-json\/wp\/v2\/media\/5571"}],"wp:attachment":[{"href":"https:\/\/www.futbox.com\/blog\/wp-json\/wp\/v2\/media?parent=2566"}],"curies":[{"name":"wp","href":"https:\/\/api.w.org\/{rel}","templated":true}]}}